{"id":15,"date":"2018-05-09T12:22:26","date_gmt":"2018-05-09T10:22:26","guid":{"rendered":"https:\/\/hausitalien.com\/hausitalien-kontakt\/?page_id=15"},"modified":"2018-05-09T15:14:14","modified_gmt":"2018-05-09T13:14:14","slug":"ihr-wunschobjekt","status":"publish","type":"page","link":"https:\/\/hausitalien.com\/hausitalien-kontakt\/ihr-wunschobjekt\/","title":{"rendered":"Ihr Wunschobjekt"},"content":{"rendered":"<div data-uniq='69d6a497a7f11' class='uniq-69d6a497a7f11 formcraft-css form-live align-left'><script> window.formcraftLogic = window.formcraftLogic || {}; window.formcraftLogic[5] = [[[[\"field76\",\"contains\",\"Sonstige\"]],[[\"show_fields\",\"field77\"]],\"and\"]]; <\/script><div class=\"fc-pagination-cover fc-pagination-1\">\n\t\t\t\t<div class=\"fc-pagination width-100\">\n\t\t\t\t\t<!-- ngRepeat: page in Builder.FormElements track by $index --><div class=\"pagination-trigger \" data-index=\"0\">\n\t\t\t\t\t\t<span class=\"page-number\"><span >1<\/span><\/span>\n\t\t\t\t\t\t<span class=\"page-name \">Step 1<\/span>\n\t\t\t\t\t\t\n\t\t\t\t\t<\/div><!-- end ngRepeat: page in Builder.FormElements track by $index -->\n\t\t\t\t<\/div>\n\t\t\t<\/div>\n\t\t\t\n\t\t\t<style scoped=\"scoped\" >\n\t\t\t@media (max-width : 480px) {\n\t\t\t\t.fc_modal-dialog-5 .fc-pagination-cover .fc-pagination\n\t\t\t\t{\n\t\t\t\t\tbackground-color: transparent !important;\n\t\t\t\t}\n\t\t\t}\n\t\t\t\t\t\t.formcraft-css .fc-form.fc-form-5 .form-element .submit-cover .submit-button,\n\t\t\t.formcraft-css .fc-form.fc-form-5 .form-element .fileupload-cover .button-file,\n\t\t\t.formcraft-css .fc-form.fc-form-5 .form-element .field-cover .button,\n\t\t\t.formcraft-datepicker .ui-datepicker-header,\n\t\t\t.formcraft-datepicker .ui-datepicker-title\n\t\t\t{\n\t\t\t\tbackground: #a9a9a9;\n\t\t\t\tcolor: #fff;\n\t\t\t}\n\t\t\t.formcraft-datepicker td .ui-state-active,\n\t\t\t.formcraft-datepicker td .ui-state-hover,\n\t\t\t.formcraft-css .fc-form.fc-form-5 .form-element .slider-cover .ui-slider-range\n\t\t\t{\n\t\t\t\tbackground: #a9a9a9;\n\t\t\t}\n\t\t\t#ui-datepicker-div.formcraft-datepicker .ui-datepicker-header,\n\t\t\t.formcraft-css .fc-form .field-cover>div.full hr\n\t\t\t{\n\t\t\t\tborder-color: #949494;\n\t\t\t}\n\t\t\t#ui-datepicker-div.formcraft-datepicker .ui-datepicker-prev:hover,\n\t\t\t#ui-datepicker-div.formcraft-datepicker .ui-datepicker-next:hover,\n\t\t\t#ui-datepicker-div.formcraft-datepicker select.ui-datepicker-month:hover,\n\t\t\t#ui-datepicker-div.formcraft-datepicker select.ui-datepicker-year:hover\n\t\t\t{\n\t\t\t\tbackground-color: #949494;\n\t\t\t}\n\t\t\t.formcraft-css .fc-pagination>div.active .page-number,\n\t\t\t.formcraft-css .form-cover-builder .fc-pagination>div:first-child .page-number\n\t\t\t{\n\t\t\t\tbackground-color: #a9a9a9;\n\t\t\t\tcolor: #fff;\n\t\t\t}\n\t\t\t#ui-datepicker-div.formcraft-datepicker table.ui-datepicker-calendar th,\n\t\t\t#ui-datepicker-div.formcraft-datepicker table.ui-datepicker-calendar td.ui-datepicker-today a,\n\t\t\t.formcraft-css .fc-form.fc-form-5 .form-element .star-cover label,\n\t\t\thtml .formcraft-css .fc-form.label-floating .form-element .field-cover.has-focus>span,\n\t\t\t.formcraft-css .fc-form.fc-form-5 .form-element .customText-cover a,\n\t\t\t.formcraft-css .prev-next>div span:hover\n\t\t\t{\n\t\t\t\tcolor: #a9a9a9;\n\t\t\t}\n\t\t\t.formcraft-css .fc-form.fc-form-5 .form-element .customText-cover a:hover\n\t\t\t{\n\t\t\t\tcolor: #949494;\n\t\t\t}\n\t\t\thtml .formcraft-css .fc-form.fc-form-5.label-floating .form-element .field-cover > span\n\t\t\t{\n\t\t\t\tcolor: #666666;\n\t\t\t}\n\t\t\thtml .formcraft-css .fc-form .final-success .final-success-check {\n\t\t\t\tborder: 2px solid #666666;\n\t\t\t}\n\t\t\t.formcraft-css .fc-form.fc-form-5 .form-element .field-cover input[type=\"text\"],\n\t\t\t.formcraft-css .fc-form.fc-form-5 .form-element .field-cover input[type=\"email\"],\n\t\t\t.formcraft-css .fc-form.fc-form-5 .form-element .field-cover input[type=\"password\"],\n\t\t\t.formcraft-css .fc-form.fc-form-5 .form-element .field-cover input[type=\"tel\"],\n\t\t\t.formcraft-css .fc-form.fc-form-5 .form-element .field-cover textarea,\n\t\t\t.formcraft-css .fc-form.fc-form-5 .form-element .field-cover select,\n\t\t\t.formcraft-css .fc-form.fc-form-5 .form-element .field-cover .time-fields-cover,\n\t\t\t.formcraft-css .fc-form.fc-form-5 .form-element .field-cover .awesomplete ul\n\t\t\t{\n\t\t\t\tcolor: #777;\n\t\t\t}\n\t\t\t.formcraft-css .fc-form.fc-form-5 .form-element .field-cover input[type=\"text\"],\n\t\t\t.formcraft-css .fc-form.fc-form-5 .form-element .field-cover input[type=\"password\"],\n\t\t\t.formcraft-css .fc-form.fc-form-5 .form-element .field-cover input[type=\"email\"],\n\t\t\t.formcraft-css .fc-form.fc-form-5 .form-element .field-cover input[type=\"radio\"],\n\t\t\t.formcraft-css .fc-form.fc-form-5 .form-element .field-cover input[type=\"checkbox\"],\n\t\t\t.formcraft-css .fc-form.fc-form-5 .form-element .field-cover input[type=\"tel\"],\n\t\t\t.formcraft-css .fc-form.fc-form-5 .form-element .field-cover select,\n\t\t\t.formcraft-css .fc-form.fc-form-5 .form-element .field-cover textarea\n\t\t\t{\n\t\t\t\tbackground-color: #fafafa;\n\t\t\t}\n\t\t\t.formcraft-css .fc-form.fc-form-5 .form-element .field-cover input[type=\"radio\"]:checked,\n\t\t\t.formcraft-css .fc-form.fc-form-5 .form-element .field-cover input[type=\"checkbox\"]:checked {\n\t\t\t\tborder-color: #949494;\n\t\t\t\tbackground: #a9a9a9;\t\t\t\t\n\t\t\t}\n\t\t\t.formcraft-css .fc-form.fc-form-5 .form-element .star-cover label .star\n\t\t\t{\n\t\t\t\ttext-shadow: 0px 1px 0px #949494;\n\t\t\t}\n\t\t\t.formcraft-css .fc-form.fc-form-5 .form-element .slider-cover .ui-slider-range\n\t\t\t{\n\t\t\t\tbox-shadow: 0px 1px 1px #949494 inset;\n\t\t\t}\n\t\t\t.formcraft-css .fc-form.fc-form-5 .form-element .fileupload-cover .button-file\n\t\t\t{\n\t\t\t\tborder-color: #949494;\n\t\t\t}\n\t\t\t.formcraft-css .fc-form.fc-form-5 .form-element .form-element-html input[type=\"password\"]:focus,\n\t\t\t.formcraft-css .fc-form.fc-form-5 .form-element .form-element-html input[type=\"email\"]:focus,\n\t\t\t.formcraft-css .fc-form.fc-form-5 .form-element .form-element-html input[type=\"tel\"]:focus,\n\t\t\t.formcraft-css .fc-form.fc-form-5 .form-element .form-element-html input[type=\"text\"]:focus,\n\t\t\t.formcraft-css .fc-form.fc-form-5 .form-element .form-element-html textarea:focus,\n\t\t\t.formcraft-css .fc-form.fc-form-5 .form-element .form-element-html select:focus\n\t\t\t{\n\t\t\t\tborder-color: #a9a9a9;\n\t\t\t}\n\t\t\t.formcraft-css .fc-form.fc-form-5 .form-element .form-element-html .field-cover .is-read-only:focus {\n\t\t\t\tborder-color: #ccc;\n\t\t\t}\n\t\t\t.formcraft-css .fc-form.fc-form-5\t\t\t{\n\t\t\t\tfont-family: inherit;\n\t\t\t}\n\t\t\t@media (max-width : 480px) {\n\t\t\t\thtml .dedicated-page,\n\t\t\t\thtml .dedicated-page .formcraft-css .fc-pagination > div.active\n\t\t\t\t{\n\t\t\t\t\tbackground: transparent;\n\t\t\t\t}\n\t\t\t}\n\t\t<\/style>\n\t\t<div class=\"form-cover\">\n\t\t\t<form data-auto-scroll=\"\" data-no-message-redirect=\"\" data-thousand=\"\" data-decimal=\".\" data-delay=\"1\" data-id=\"5\" class=\"fc-form fc-form-5 align- fc-temp-class save-form- dont-submit-hidden- disable-enter- label-placeholder field-border-visible frame-hidden remove-asterisk-true icons-hide-false field-alignment-left options-fade\" style=\"width: 95%; color: #666666; font-size: 90%; background: transparent\">\n\t\t\t\t<!-- ngRepeat: page in Builder.FormElements track by $index --><div class=\"form-page form-page-0\" data-index=\"0\">\n\t\t\t\t\t\n\t\t\t\t\t<div class=\"form-page-content      ng-not-empty\">\n\t\t\t\t\t\t<div data-identifier=\"field73\" data-index=\"0\" style=\"width: 100%\" class=\" form-element form-element-field73 options- form-element-0 default-false form-element-type-customText is-required-false odd -handle\">\n\t\t\t\t\t\t\t<div class=\"form-element-html\"><div ><div class=\"absolute-true customText-cover field-cover\" style=\"left: ; top: ;right: ;bottom: ;color: #666666 !important; background-color:\"><div class=\"full\" style=\"text-align: left\"><p >In welcher Region soll Ihr Wunschobjekt liegen?<\/p><\/div><input type=\"hidden\" name=\"field73\" data-field-id=\"field73\"><\/div><\/div><\/div>\n\t\t\t\t\t\t\t\n\t\t\t\t\t\t<\/div><div data-identifier=\"field70\" data-index=\"1\" style=\"width: 100%\" class=\" even form-element form-element-field70 options- form-element-1 default-false form-element-type-checkbox is-required-true -handle\">\n\t\t\t\t\t\t\t<div class=\"form-element-html\"><div ><div class=\"images- checkbox-cover field-cover\"><span class=\"sub-label-false\"><span class=\"main-label\"><\/span><span class=\"sub-label\"><\/span><\/span><div data-placement=\"right\" data-toggle=\"tooltip\" tooltip=\"\" data-trigger=\"hover\" data-html=\"true\" data-original-title=\"\"><span class=\"error\"><\/span><label style=\"width: 100%\" ><img alt=\"\"><input data-field-id=\"field70\" type=\"checkbox\" data-is-required=\"true\" name=\"field70[]\" value=\"Marken\" class=\"validation-lenient\"><span><span >Marken<\/span><\/span><\/label><label style=\"width: 100%\" ><img alt=\"\"><input data-field-id=\"field70\" type=\"checkbox\" data-is-required=\"true\" name=\"field70[]\" value=\"Abruzzen\" class=\"validation-lenient\"><span><span >Abruzzen<\/span><\/span><\/label><label style=\"width: 100%\" ><img alt=\"\"><input data-field-id=\"field70\" type=\"checkbox\" data-is-required=\"true\" name=\"field70[]\" value=\"Toskana\" class=\"validation-lenient\"><span><span >Toskana<\/span><\/span><\/label><label style=\"width: 100%\" ><img alt=\"\"><input data-field-id=\"field70\" type=\"checkbox\" data-is-required=\"true\" name=\"field70[]\" value=\"Umbrien \/ Latium\" class=\"validation-lenient\"><span><span >Umbrien \/ Latium<\/span><\/span><\/label><label style=\"width: 100%\" ><img alt=\"\"><input data-field-id=\"field70\" type=\"checkbox\" data-is-required=\"true\" name=\"field70[]\" value=\"S\u00fcditalien \/ Sardinien\" class=\"validation-lenient\"><span><span >S\u00fcditalien \/ Sardinien<\/span><\/span><\/label><\/div><\/div><\/div><\/div>\n\t\t\t\t\t\t\t\n\t\t\t\t\t\t<\/div><div data-identifier=\"field83\" data-index=\"2\" style=\"width: 100%\" class=\" form-element form-element-field83 options- form-element-2 default-false form-element-type-customText is-required-false odd -handle\">\n\t\t\t\t\t\t\t<div class=\"form-element-html\"><div ><div class=\"absolute-true customText-cover field-cover\" style=\"left: ; top: ;right: ;bottom: ;color: #666666 !important; background-color:\"><div class=\"full\" style=\"text-align: left\"><p >Welches Haustyp m\u00f6chten Sie?<\/p><\/div><input type=\"hidden\" name=\"field83\" data-field-id=\"field83\"><\/div><\/div><\/div>\n\t\t\t\t\t\t\t\n\t\t\t\t\t\t<\/div><div data-identifier=\"field76\" data-index=\"3\" style=\"width: 100%\" class=\" even form-element form-element-field76 options- form-element-3 default-false form-element-type-checkbox is-required-true -handle\">\n\t\t\t\t\t\t\t<div class=\"form-element-html\"><div ><div class=\"images- checkbox-cover field-cover\"><span class=\"sub-label-false\"><span class=\"main-label\"><\/span><span class=\"sub-label\"><\/span><\/span><div data-placement=\"right\" data-toggle=\"tooltip\" tooltip=\"\" data-trigger=\"hover\" data-html=\"true\" data-original-title=\"\"><span class=\"error\"><\/span><label style=\"width: 100%\" ><img alt=\"\"><input data-field-id=\"field76\" type=\"checkbox\" data-is-required=\"true\" name=\"field76[]\" value=\"Landhaus, Villa oder bewohnbares Haus\" class=\"validation-lenient\"><span><span >Landhaus, Villa oder bewohnbares Haus<\/span><\/span><\/label><label style=\"width: 100%\" ><img alt=\"\"><input data-field-id=\"field76\" type=\"checkbox\" data-is-required=\"true\" name=\"field76[]\" value=\"Zu renovierendes Anwesen oder landwirtschaftliches Anwesen\" class=\"validation-lenient\"><span><span >Zu renovierendes Anwesen oder landwirtschaftliches Anwesen<\/span><\/span><\/label><label style=\"width: 100%\" ><img alt=\"\"><input data-field-id=\"field76\" type=\"checkbox\" data-is-required=\"true\" name=\"field76[]\" value=\"Investitionsobjekt\" class=\"validation-lenient\"><span><span >Investitionsobjekt<\/span><\/span><\/label><label style=\"width: 100%\" ><img alt=\"\"><input data-field-id=\"field76\" type=\"checkbox\" data-is-required=\"true\" name=\"field76[]\" value=\"Wohnung, Hausteile oder Stadthaus\" class=\"validation-lenient\"><span><span >Wohnung, Hausteile oder Stadthaus<\/span><\/span><\/label><label style=\"width: 100%\" ><img alt=\"\"><input data-field-id=\"field76\" type=\"checkbox\" data-is-required=\"true\" name=\"field76[]\" value=\"Sonstige\" class=\"validation-lenient\"><span><span >Sonstige<\/span><\/span><\/label><\/div><\/div><\/div><\/div>\n\t\t\t\t\t\t\t\n\t\t\t\t\t\t<\/div><div data-identifier=\"field77\" data-index=\"4\" style=\"width: 100%\" class=\" form-element form-element-field77 options-false form-element-4 default-true form-element-type-textarea is-required-true odd -handle\">\n\t\t\t\t\t\t\t<div class=\"form-element-html\"><div ><label class=\"textarea-cover field-cover  \"><span class=\"sub-label-true\"><span class=\"main-label\"><span >Angaben<\/span><\/span><span class=\"sub-label\"><span >more details<\/span><\/span><\/span><div><span class=\"error\"><\/span><textarea data-field-id=\"field77\" placeholder=\"Angaben\" class=\"validation-lenient\" name=\"field77\" value=\"\" rows=\"3\" data-min-char=\"\" data-max-char=\"\" data-is-required=\"true\" data-placement=\"right\" data-toggle=\"tooltip\" tooltip=\"\" data-trigger=\"focus\" data-html=\"true\" data-original-title=\"\" style=\"min-height: 67.1406px\"><\/textarea><div class=\"count-\"><span class=\"current-count\">0<\/span> \/ <span class=\"max-count \"><\/span><\/div><\/div><\/label><\/div><\/div>\n\t\t\t\t\t\t\t\n\t\t\t\t\t\t<\/div><div data-identifier=\"field82\" data-index=\"5\" style=\"width: 100%\" class=\" even form-element form-element-field82 options- form-element-5 default-false form-element-type-customText is-required-false -handle\">\n\t\t\t\t\t\t\t<div class=\"form-element-html\"><div ><div class=\"absolute-false customText-cover field-cover\" style=\"left: ; top: ;right: ;bottom: ;color: #666666 !important; background-color:\"><div class=\"full\" style=\"text-align: left\"><p ><b>Weitere Angaben zum Objekt<\/b><\/p><\/div><input type=\"hidden\" name=\"field82\" data-field-id=\"field82\"><\/div><\/div><\/div>\n\t\t\t\t\t\t\t\n\t\t\t\t\t\t<\/div><div data-identifier=\"field79\" data-index=\"6\" style=\"width: 100%\" class=\" form-element form-element-field79 options-false form-element-6 default-false form-element-type-oneLineText is-required-true odd -handle\">\n\t\t\t\t\t\t\t<div class=\"form-element-html\"><div ><label class=\"oneLineText-cover field-cover  \"><span class=\"sub-label-false\"><span class=\"main-label\"><span >gew\u00fcnschte Gr\u00f6\u00dfe in qm<\/span><\/span><span class=\"sub-label\"><\/span><\/span><div><span class=\"error\"><\/span><input type=\"text\" placeholder=\"gew\u00fcnschte Gr\u00f6\u00dfe in qm\" make-read-only=\"\" data-field-id=\"field79\" name=\"field79[]\" data-min-char=\"\" data-max-char=\"\" data-val-type=\"\" data-regexp=\"\" data-is-required=\"true\" data-allow-spaces=\"\" class=\"validation-lenient\" data-placement=\"right\" data-toggle=\"tooltip\" tooltip=\"\" data-trigger=\"focus\" data-html=\"true\" data-input-mask=\"\" data-mask-placeholder=\"\" data-original-title=\"\"><i class=\"formcraft-icon formcraft-icon-type-\"><\/i><\/div><\/label><\/div><\/div>\n\t\t\t\t\t\t\t\n\t\t\t\t\t\t<\/div><div data-identifier=\"field80\" data-index=\"7\" style=\"width: 100%\" class=\" even form-element form-element-field80 options-false form-element-7 default-false form-element-type-oneLineText is-required-true -handle\">\n\t\t\t\t\t\t\t<div class=\"form-element-html\"><div ><label class=\"oneLineText-cover field-cover  \"><span class=\"sub-label-false\"><span class=\"main-label\"><span >Investitionsbetrag<\/span><\/span><span class=\"sub-label\"><\/span><\/span><div><span class=\"error\"><\/span><input type=\"text\" placeholder=\"Investitionsbetrag\" make-read-only=\"\" data-field-id=\"field80\" name=\"field80[]\" data-min-char=\"\" data-max-char=\"\" data-val-type=\"\" data-regexp=\"\" data-is-required=\"true\" data-allow-spaces=\"\" class=\"validation-lenient\" data-placement=\"right\" data-toggle=\"tooltip\" tooltip=\"\" data-trigger=\"focus\" data-html=\"true\" data-input-mask=\"\" data-mask-placeholder=\"\" data-original-title=\"\"><i class=\"formcraft-icon formcraft-icon-type-\"><\/i><\/div><\/label><\/div><\/div>\n\t\t\t\t\t\t\t\n\t\t\t\t\t\t<\/div><div data-identifier=\"field75\" data-index=\"8\" style=\"width: 100%\" class=\" form-element form-element-field75 options- form-element-8 default-false form-element-type-customText is-required-false odd -handle\">\n\t\t\t\t\t\t\t<div class=\"form-element-html\"><div ><div class=\"absolute-false customText-cover field-cover\" style=\"left: ; top: ;right: ;bottom: ;color: #666666 !important; background-color:\"><div class=\"full\" style=\"text-align: left\"><p ><b>Pers\u00f6nliche Angaben<\/b><\/p><\/div><input type=\"hidden\" name=\"field75\" data-field-id=\"field75\"><\/div><\/div><\/div>\n\t\t\t\t\t\t\t\n\t\t\t\t\t\t<\/div><div data-identifier=\"field2\" data-index=\"9\" style=\"width: 100%\" class=\" even form-element form-element-field2 options-false form-element-9 default-false form-element-type-oneLineText is-required-true -handle\">\n\t\t\t\t\t\t\t<div class=\"form-element-html\"><div ><label class=\"oneLineText-cover field-cover  \"><span class=\"sub-label-false\"><span class=\"main-label\"><span >Ihr Name<\/span><\/span><span class=\"sub-label\"><\/span><\/span><div><span class=\"error\"><\/span><input type=\"text\" placeholder=\"Ihr Name\" make-read-only=\"\" data-field-id=\"field2\" name=\"field2[]\" data-min-char=\"\" data-max-char=\"\" data-val-type=\"\" data-regexp=\"\" data-is-required=\"true\" data-allow-spaces=\"true\" class=\"validation-lenient\" data-placement=\"right\" data-toggle=\"tooltip\" tooltip=\"\" data-trigger=\"focus\" data-html=\"true\" data-input-mask=\"\" data-mask-placeholder=\"\" data-original-title=\"\"><i class=\"formcraft-icon formcraft-icon-type-\"><\/i><\/div><\/label><\/div><\/div>\n\t\t\t\t\t\t\t\n\t\t\t\t\t\t<\/div><div data-identifier=\"field66\" data-index=\"10\" style=\"width: 100%\" class=\" form-element form-element-field66 options-false form-element-10 default-false form-element-type-oneLineText is-required-false odd -handle\">\n\t\t\t\t\t\t\t<div class=\"form-element-html\"><div ><label class=\"oneLineText-cover field-cover  \"><span class=\"sub-label-false\"><span class=\"main-label\"><span >Telefon<\/span><\/span><span class=\"sub-label\"><\/span><\/span><div><span class=\"error\"><\/span><input type=\"text\" placeholder=\"Telefon\" make-read-only=\"\" data-field-id=\"field66\" name=\"field66[]\" data-min-char=\"\" data-max-char=\"\" data-val-type=\"numbers\" data-regexp=\"\" data-is-required=\"false\" data-allow-spaces=\"true\" class=\"validation-lenient\" data-placement=\"right\" data-toggle=\"tooltip\" tooltip=\"\" data-trigger=\"focus\" data-html=\"true\" data-input-mask=\"\" data-mask-placeholder=\"\" data-original-title=\"\"><i class=\"formcraft-icon formcraft-icon-type-local_phone\">local_phone<\/i><\/div><\/label><\/div><\/div>\n\t\t\t\t\t\t\t\n\t\t\t\t\t\t<\/div><div data-identifier=\"field1\" data-index=\"11\" style=\"width: 100%\" class=\" even form-element form-element-field1 options-false form-element-11 default-false form-element-type-email is-required-true -handle\">\n\t\t\t\t\t\t\t<div class=\"form-element-html\"><div ><label class=\"email-cover field-cover  \"><span class=\"sub-label-true\"><span class=\"main-label\"><span >E-Mail Adresse<\/span><\/span><span class=\"sub-label\"><\/span><\/span><div><span class=\"error\"><\/span><input placeholder=\"E-Mail Adresse\" data-field-id=\"field1\" type=\"text\" data-val-type=\"email\" make-read-only=\"\" data-is-required=\"true\" name=\"field1\" class=\"validation-lenient\" data-placement=\"right\" data-toggle=\"tooltip\" tooltip=\"\" data-trigger=\"focus\" data-html=\"true\" data-original-title=\"\"><i class=\"formcraft-icon\">email<\/i><\/div><\/label><\/div><\/div>\n\t\t\t\t\t\t\t\n\t\t\t\t\t\t<\/div><div data-identifier=\"field81\" data-index=\"12\" style=\"width: 100%\" class=\" form-element form-element-field81 options- form-element-12 default-false form-element-type-textarea is-required-true odd -handle\">\n\t\t\t\t\t\t\t<div class=\"form-element-html\"><div ><label class=\"textarea-cover field-cover  \"><span class=\"sub-label-true\"><span class=\"main-label\"><span >Nachricht<\/span><\/span><span class=\"sub-label\"><span >more details<\/span><\/span><\/span><div><span class=\"error\"><\/span><textarea data-field-id=\"field81\" placeholder=\"Nachricht\" class=\"validation-lenient\" name=\"field81\" value=\"\" rows=\"5\" data-min-char=\"\" data-max-char=\"\" data-is-required=\"true\" data-placement=\"right\" data-toggle=\"tooltip\" tooltip=\"\" data-trigger=\"focus\" data-html=\"true\" data-original-title=\"\" style=\"min-height: 99.8906px\"><\/textarea><div class=\"count-\"><span class=\"current-count\">0<\/span> \/ <span class=\"max-count \"><\/span><\/div><\/div><\/label><\/div><\/div>\n\t\t\t\t\t\t\t\n\t\t\t\t\t\t<\/div><div data-identifier=\"field84\" data-index=\"13\" style=\"width: 100%\" class=\" even form-element form-element-field84 options-false form-element-13 default-false form-element-type-checkbox is-required-true -handle\">\n\t\t\t\t\t\t\t<div class=\"form-element-html\"><div ><div class=\"images- checkbox-cover field-cover\"><span class=\"sub-label-false\"><span class=\"main-label\"><\/span><span class=\"sub-label\"><\/span><\/span><div data-placement=\"right\" data-toggle=\"tooltip\" tooltip=\"\" data-trigger=\"hover\" data-html=\"true\" data-original-title=\"\"><span class=\"error\"><\/span><label style=\"width:\" ><img alt=\"\"><input data-field-id=\"field84\" type=\"checkbox\" data-is-required=\"true\" name=\"field84[]\" value=\"Ich habe die &lt;a target=&quot;_blank&quot; href=&quot;https:\/\/hausitalien.com\/kontakt.php#datenschutz&quot;&gt;Datenschutzerkl\u00e4rung&lt;\/a&gt; zur Kenntnis genommen und stimme zu, dass meine Angaben und Daten zur Beantwortung meiner Anfrage elektronisch erhoben und gespeichert werden. Ich kann meine Einwilligung jederzeit per &lt;a href=&quot;mailto:Annapaolatassi@outlook.it&quot;&gt;E-Mail&lt;\/a&gt; widerrufen.\" class=\"validation-lenient\"><span><span >Ich habe die <\/span><a target=\"_blank\" href=\"https:\/\/hausitalien.com\/kontakt.php#datenschutz\" >Datenschutzerkl\u00e4rung<\/a><span > zur Kenntnis genommen und stimme zu, dass meine Angaben und Daten zur Beantwortung meiner Anfrage elektronisch erhoben und gespeichert werden. Ich kann meine Einwilligung jederzeit per <\/span><a href=\"mailto:Annapaolatassi@outlook.it\" >E-Mail<\/a><span > widerrufen.<\/span><\/span><\/label><\/div><\/div><\/div><\/div>\n\t\t\t\t\t\t\t\n\t\t\t\t\t\t<\/div><div data-identifier=\"field29\" data-index=\"14\" style=\"width: 100%\" class=\" form-element form-element-field29 options- form-element-14 default-false form-element-type-submit is-required-false odd -handle\">\n\t\t\t\t\t\t\t<div class=\"form-element-html\"><div ><div class=\"align-right wide-true submit-cover field-cover\"><button type=\"submit\" class=\"button submit-button\"><span class=\"text \">Anfrage abschicken!<\/span><span class=\"spin-cover\"><i style=\"color:\" class=\"loading-icon icon-cog animate-spin\"><\/i><\/span><\/button><\/div><div class=\"submit-response \"><\/div><label ><input type=\"text\" class=\"required_field\" name=\"website\" autocomplete=\"maple-syrup-pot\"><\/label><\/div><\/div>\n\t\t\t\t\t\t\t\n\t\t\t\t\t\t<\/div><div data-identifier=\"field86\" data-index=\"15\" style=\"width: 100%\" class=\" even form-element form-element-field86 form-element-15 default-false form-element-type-reCaptcha is-required-false -handle options-true\">\n\t\t\t\t\t\t\t<div class=\"form-element-html\"><div ><div data-site-key=\"6LfStBAmAAAAAFN11PodJykUuWzRmWPgokcb-voE\" class=\"captcha-placeholder \">reCaptcha v3<\/div><input type=\"hidden\" class=\"recaptcha-token \" name=\"recaptcha-token\"><\/div><\/div>\n\t\t\t\t\t\t\t\n\t\t\t\t\t\t<\/div>\n\t\t\t\t\t<\/div>\n\t\t\t\t<\/div><!-- end ngRepeat: page in Builder.FormElements track by $index -->\n\t\t\t<\/form>\n\t\t\t<div class=\"prev-next prev-next-1\" style=\"width: 95%; color: #666666; font-size: 90%; background: transparent\">\n\t\t\t\t<div>\n\t\t\t\t\t\n\t\t\t\t\t<span class=\"inactive page-prev \"><i class=\"formcraft-icon\">keyboard_arrow_left<\/i>Previous<\/span><\/div>\n\t\t\t\t<div>\n\t\t\t\t\t\n\t\t\t\t\t<span class=\"page-next \">Next<i class=\"formcraft-icon\">keyboard_arrow_right<\/i><\/span><\/div>\n\t\t\t<\/div>\n\t\t<\/div><a class=\"powered-by\" target=\"_blank\" href=\"http:\/\/formcraft-wp.com?source=pb\"\/>FormCraft - WordPress form builder<\/a><\/div>\n","protected":false},"excerpt":{"rendered":"","protected":false},"author":1,"featured_media":0,"parent":0,"menu_order":0,"comment_status":"closed","ping_status":"closed","template":"","meta":{"footnotes":""},"class_list":["post-15","page","type-page","status-publish","hentry","missing-thumbnail"],"_links":{"self":[{"href":"https:\/\/hausitalien.com\/hausitalien-kontakt\/wp-json\/wp\/v2\/pages\/15","targetHints":{"allow":["GET"]}}],"collection":[{"href":"https:\/\/hausitalien.com\/hausitalien-kontakt\/wp-json\/wp\/v2\/pages"}],"about":[{"href":"https:\/\/hausitalien.com\/hausitalien-kontakt\/wp-json\/wp\/v2\/types\/page"}],"author":[{"embeddable":true,"href":"https:\/\/hausitalien.com\/hausitalien-kontakt\/wp-json\/wp\/v2\/users\/1"}],"replies":[{"embeddable":true,"href":"https:\/\/hausitalien.com\/hausitalien-kontakt\/wp-json\/wp\/v2\/comments?post=15"}],"version-history":[{"count":5,"href":"https:\/\/hausitalien.com\/hausitalien-kontakt\/wp-json\/wp\/v2\/pages\/15\/revisions"}],"predecessor-version":[{"id":52,"href":"https:\/\/hausitalien.com\/hausitalien-kontakt\/wp-json\/wp\/v2\/pages\/15\/revisions\/52"}],"wp:attachment":[{"href":"https:\/\/hausitalien.com\/hausitalien-kontakt\/wp-json\/wp\/v2\/media?parent=15"}],"curies":[{"name":"wp","href":"https:\/\/api.w.org\/{rel}","templated":true}]}}